{"id":99,"date":"2025-04-25T16:45:00","date_gmt":"2025-04-25T14:45:00","guid":{"rendered":"https:\/\/corriinviola.eleonorapanfili.it\/?page_id=99"},"modified":"2025-04-25T16:57:23","modified_gmt":"2025-04-25T14:57:23","slug":"personalita-16","status":"publish","type":"page","link":"https:\/\/corriinviola.eleonorapanfili.it\/index.php\/il-gioco-della-personalita\/personalita-16\/","title":{"rendered":"Personalit\u00e0 16"},"content":{"rendered":"\n<div class=\"wp-block-group alignfull is-style-section-1 has-global-padding is-layout-constrained wp-container-core-group-is-layout-cdf985e3 wp-block-group-is-layout-constrained is-style-section-1--1\" style=\"min-height:100vh;margin-top:0;margin-bottom:0;padding-top:var(--wp--preset--spacing--80);padding-right:var(--wp--preset--spacing--80);padding-bottom:var(--wp--preset--spacing--80);padding-left:var(--wp--preset--spacing--80)\">\n<div class=\"wp-block-columns alignwide are-vertically-aligned-center is-layout-flex wp-container-core-columns-is-layout-643ced6b wp-block-columns-is-layout-flex\">\n<div class=\"wp-block-column is-vertically-aligned-center is-layout-flow wp-block-column-is-layout-flow\">\n<figure class=\"wp-block-image aligncenter size-full has-custom-border\"><img loading=\"lazy\" decoding=\"async\" width=\"1024\" height=\"1024\" src=\"https:\/\/corriinviola.eleonorapanfili.it\/wp-content\/uploads\/2025\/04\/prof-16-ok.png\" alt=\"\" class=\"wp-image-66\" style=\"border-top-left-radius:150px;border-bottom-right-radius:150px;object-fit:cover\" srcset=\"https:\/\/corriinviola.eleonorapanfili.it\/wp-content\/uploads\/2025\/04\/prof-16-ok.png 1024w, https:\/\/corriinviola.eleonorapanfili.it\/wp-content\/uploads\/2025\/04\/prof-16-ok-300x300.png 300w, https:\/\/corriinviola.eleonorapanfili.it\/wp-content\/uploads\/2025\/04\/prof-16-ok-150x150.png 150w, https:\/\/corriinviola.eleonorapanfili.it\/wp-content\/uploads\/2025\/04\/prof-16-ok-768x768.png 768w\" sizes=\"auto, (max-width: 1024px) 100vw, 1024px\" \/><\/figure>\n<\/div>\n\n\n\n<div class=\"wp-block-column is-vertically-aligned-center is-layout-flow wp-block-column-is-layout-flow\">\n<div class=\"wp-block-group is-vertical is-content-justification-stretch is-layout-flex wp-container-core-group-is-layout-353c4f5a wp-block-group-is-layout-flex\">\n<h2 class=\"wp-block-heading has-text-align-left\">Personalit\u00e0 16<\/h2>\n\n\n\n<p>DESCRIZIONE<br>Questa personalit\u00e0 fiorisce in ambienti in cui pu\u00f2 essere autentica e allo stesso tempo esplorare possibilit\u00e0 entusiasmanti. Ama relazionarsi con la maggior parte delle altre persone e fa amicizia con facilit\u00e0 ovunque va.<\/p>\n\n\n\n<p>PUNTI DI FORZA<br>Energica, ottimista, piena di idee, \u00e8 capace di meravigliarsi come i bambini, ha il dono della parlantina.<\/p>\n\n\n\n<p>PUNTI DI DEBOLEZZA<br>Pu\u00f2 essere eccessivamente idealista. Dispersiva, incerta sul percorso futuro, &#8220;incostante\u201d.<\/p>\n\n\n\n<p>UN CONSIGLIO<br>Stabilisci alcuni obiettivi per te, con scadenze temporali. Ricorda di confrontarti spesso con la tua famiglia e con le persone con cui collabori. Chiedi consiglio agli altri quando ne hai bisogno, invece di improvvisare continuamente.<\/p>\n<\/div>\n<\/div>\n<\/div>\n<\/div>\n","protected":false},"excerpt":{"rendered":"<p>Personalit\u00e0 16 DESCRIZIONEQuesta personalit\u00e0 fiorisce in ambienti in cui pu\u00f2 essere autentica e allo stesso tempo esplorare possibilit\u00e0 entusiasmanti. Ama relazionarsi con la maggior parte delle altre persone e fa amicizia con facilit\u00e0 ovunque va. PUNTI DI FORZAEnergica, ottimista, piena di idee, \u00e8 capace di meravigliarsi come i bambini, ha il dono della parlantina. PUNTI [&hellip;]<\/p>\n","protected":false},"author":1,"featured_media":0,"parent":6,"menu_order":0,"comment_status":"closed","ping_status":"closed","template":"","meta":{"footnotes":""},"class_list":["post-99","page","type-page","status-publish","hentry"],"_links":{"self":[{"href":"https:\/\/corriinviola.eleonorapanfili.it\/index.php\/wp-json\/wp\/v2\/pages\/99","targetHints":{"allow":["GET"]}}],"collection":[{"href":"https:\/\/corriinviola.eleonorapanfili.it\/index.php\/wp-json\/wp\/v2\/pages"}],"about":[{"href":"https:\/\/corriinviola.eleonorapanfili.it\/index.php\/wp-json\/wp\/v2\/types\/page"}],"author":[{"embeddable":true,"href":"https:\/\/corriinviola.eleonorapanfili.it\/index.php\/wp-json\/wp\/v2\/users\/1"}],"replies":[{"embeddable":true,"href":"https:\/\/corriinviola.eleonorapanfili.it\/index.php\/wp-json\/wp\/v2\/comments?post=99"}],"version-history":[{"count":2,"href":"https:\/\/corriinviola.eleonorapanfili.it\/index.php\/wp-json\/wp\/v2\/pages\/99\/revisions"}],"predecessor-version":[{"id":119,"href":"https:\/\/corriinviola.eleonorapanfili.it\/index.php\/wp-json\/wp\/v2\/pages\/99\/revisions\/119"}],"up":[{"embeddable":true,"href":"https:\/\/corriinviola.eleonorapanfili.it\/index.php\/wp-json\/wp\/v2\/pages\/6"}],"wp:attachment":[{"href":"https:\/\/corriinviola.eleonorapanfili.it\/index.php\/wp-json\/wp\/v2\/media?parent=99"}],"curies":[{"name":"wp","href":"https:\/\/api.w.org\/{rel}","templated":true}]}}