{"id":96,"date":"2025-04-25T16:43:24","date_gmt":"2025-04-25T14:43:24","guid":{"rendered":"https:\/\/corriinviola.eleonorapanfili.it\/?page_id=96"},"modified":"2025-04-25T16:56:51","modified_gmt":"2025-04-25T14:56:51","slug":"personalita-15","status":"publish","type":"page","link":"https:\/\/corriinviola.eleonorapanfili.it\/index.php\/il-gioco-della-personalita\/personalita-15\/","title":{"rendered":"Personalit\u00e0 15"},"content":{"rendered":"\n<div class=\"wp-block-group alignfull is-style-section-1 has-global-padding is-layout-constrained wp-container-core-group-is-layout-cdf985e3 wp-block-group-is-layout-constrained is-style-section-1--1\" style=\"min-height:100vh;margin-top:0;margin-bottom:0;padding-top:var(--wp--preset--spacing--80);padding-right:var(--wp--preset--spacing--80);padding-bottom:var(--wp--preset--spacing--80);padding-left:var(--wp--preset--spacing--80)\">\n<div class=\"wp-block-columns alignwide are-vertically-aligned-center is-layout-flex wp-container-core-columns-is-layout-643ced6b wp-block-columns-is-layout-flex\">\n<div class=\"wp-block-column is-vertically-aligned-center is-layout-flow wp-block-column-is-layout-flow\">\n<figure class=\"wp-block-image aligncenter size-full has-custom-border\"><img loading=\"lazy\" decoding=\"async\" width=\"1024\" height=\"1024\" src=\"https:\/\/corriinviola.eleonorapanfili.it\/wp-content\/uploads\/2025\/04\/prof-15.png\" alt=\"\" class=\"wp-image-97\" style=\"border-top-left-radius:150px;border-bottom-right-radius:150px;object-fit:cover\" srcset=\"https:\/\/corriinviola.eleonorapanfili.it\/wp-content\/uploads\/2025\/04\/prof-15.png 1024w, https:\/\/corriinviola.eleonorapanfili.it\/wp-content\/uploads\/2025\/04\/prof-15-300x300.png 300w, https:\/\/corriinviola.eleonorapanfili.it\/wp-content\/uploads\/2025\/04\/prof-15-150x150.png 150w, https:\/\/corriinviola.eleonorapanfili.it\/wp-content\/uploads\/2025\/04\/prof-15-768x768.png 768w\" sizes=\"auto, (max-width: 1024px) 100vw, 1024px\" \/><\/figure>\n<\/div>\n\n\n\n<div class=\"wp-block-column is-vertically-aligned-center is-layout-flow wp-block-column-is-layout-flow\">\n<div class=\"wp-block-group is-vertical is-content-justification-stretch is-layout-flex wp-container-core-group-is-layout-353c4f5a wp-block-group-is-layout-flex\">\n<h2 class=\"wp-block-heading has-text-align-left\">Personalit\u00e0 15<\/h2>\n\n\n\n<p>DESCRIZIONE<br>Questa personalit\u00e0 ha arguzia e carisma in parti uguali e pu\u00f2 facilmente trovare dieci argomenti di cui dibattere, senza pensarci troppo.<\/p>\n\n\n\n<p>PUNTI DI FORZA<br>Grande senso dell&#8217;umorismo, fascino, acume, ha buone capacit\u00e0 relazionali.<\/p>\n\n\n\n<p>PUNTI DI DEBOLEZZA<br>In alcune occasioni pu\u00f2 rischiare di risultare offensiva. Pu\u00f2 essere polemica, dispersiva e tendere alla procrastinazione.<\/p>\n\n\n\n<p>UN CONSIGLIO<br>Fai attenzione a chi ti ascolta, alcune battute possono essere interpretate nel modo sbagliato. Porta avanti i tuoi piani e le tue idee. Fai sapere alle persone quanto sono importanti per te.<\/p>\n<\/div>\n<\/div>\n<\/div>\n<\/div>\n","protected":false},"excerpt":{"rendered":"<p>Personalit\u00e0 15 DESCRIZIONEQuesta personalit\u00e0 ha arguzia e carisma in parti uguali e pu\u00f2 facilmente trovare dieci argomenti di cui dibattere, senza pensarci troppo. PUNTI DI FORZAGrande senso dell&#8217;umorismo, fascino, acume, ha buone capacit\u00e0 relazionali. PUNTI DI DEBOLEZZAIn alcune occasioni pu\u00f2 rischiare di risultare offensiva. Pu\u00f2 essere polemica, dispersiva e tendere alla procrastinazione. UN CONSIGLIOFai attenzione [&hellip;]<\/p>\n","protected":false},"author":1,"featured_media":0,"parent":6,"menu_order":0,"comment_status":"closed","ping_status":"closed","template":"","meta":{"footnotes":""},"class_list":["post-96","page","type-page","status-publish","hentry"],"_links":{"self":[{"href":"https:\/\/corriinviola.eleonorapanfili.it\/index.php\/wp-json\/wp\/v2\/pages\/96","targetHints":{"allow":["GET"]}}],"collection":[{"href":"https:\/\/corriinviola.eleonorapanfili.it\/index.php\/wp-json\/wp\/v2\/pages"}],"about":[{"href":"https:\/\/corriinviola.eleonorapanfili.it\/index.php\/wp-json\/wp\/v2\/types\/page"}],"author":[{"embeddable":true,"href":"https:\/\/corriinviola.eleonorapanfili.it\/index.php\/wp-json\/wp\/v2\/users\/1"}],"replies":[{"embeddable":true,"href":"https:\/\/corriinviola.eleonorapanfili.it\/index.php\/wp-json\/wp\/v2\/comments?post=96"}],"version-history":[{"count":2,"href":"https:\/\/corriinviola.eleonorapanfili.it\/index.php\/wp-json\/wp\/v2\/pages\/96\/revisions"}],"predecessor-version":[{"id":118,"href":"https:\/\/corriinviola.eleonorapanfili.it\/index.php\/wp-json\/wp\/v2\/pages\/96\/revisions\/118"}],"up":[{"embeddable":true,"href":"https:\/\/corriinviola.eleonorapanfili.it\/index.php\/wp-json\/wp\/v2\/pages\/6"}],"wp:attachment":[{"href":"https:\/\/corriinviola.eleonorapanfili.it\/index.php\/wp-json\/wp\/v2\/media?parent=96"}],"curies":[{"name":"wp","href":"https:\/\/api.w.org\/{rel}","templated":true}]}}