{"id":90,"date":"2025-04-25T16:40:30","date_gmt":"2025-04-25T14:40:30","guid":{"rendered":"https:\/\/corriinviola.eleonorapanfili.it\/?page_id=90"},"modified":"2025-04-25T16:56:01","modified_gmt":"2025-04-25T14:56:01","slug":"personalita-13","status":"publish","type":"page","link":"https:\/\/corriinviola.eleonorapanfili.it\/index.php\/il-gioco-della-personalita\/personalita-13\/","title":{"rendered":"Personalit\u00e0 13"},"content":{"rendered":"\n<div class=\"wp-block-group alignfull is-style-section-1 has-global-padding is-layout-constrained wp-container-core-group-is-layout-cdf985e3 wp-block-group-is-layout-constrained is-style-section-1--1\" style=\"min-height:100vh;margin-top:0;margin-bottom:0;padding-top:var(--wp--preset--spacing--80);padding-right:var(--wp--preset--spacing--80);padding-bottom:var(--wp--preset--spacing--80);padding-left:var(--wp--preset--spacing--80)\">\n<div class=\"wp-block-columns alignwide are-vertically-aligned-center is-layout-flex wp-container-core-columns-is-layout-643ced6b wp-block-columns-is-layout-flex\">\n<div class=\"wp-block-column is-vertically-aligned-center is-layout-flow wp-block-column-is-layout-flow\">\n<figure class=\"wp-block-image aligncenter size-full has-custom-border\"><img loading=\"lazy\" decoding=\"async\" width=\"1024\" height=\"1024\" src=\"https:\/\/corriinviola.eleonorapanfili.it\/wp-content\/uploads\/2025\/04\/prof-13.png\" alt=\"\" class=\"wp-image-91\" style=\"border-top-left-radius:150px;border-bottom-right-radius:150px;object-fit:cover\" srcset=\"https:\/\/corriinviola.eleonorapanfili.it\/wp-content\/uploads\/2025\/04\/prof-13.png 1024w, https:\/\/corriinviola.eleonorapanfili.it\/wp-content\/uploads\/2025\/04\/prof-13-300x300.png 300w, https:\/\/corriinviola.eleonorapanfili.it\/wp-content\/uploads\/2025\/04\/prof-13-150x150.png 150w, https:\/\/corriinviola.eleonorapanfili.it\/wp-content\/uploads\/2025\/04\/prof-13-768x768.png 768w\" sizes=\"auto, (max-width: 1024px) 100vw, 1024px\" \/><\/figure>\n<\/div>\n\n\n\n<div class=\"wp-block-column is-vertically-aligned-center is-layout-flow wp-block-column-is-layout-flow\">\n<div class=\"wp-block-group is-vertical is-content-justification-stretch is-layout-flex wp-container-core-group-is-layout-353c4f5a wp-block-group-is-layout-flex\">\n<h2 class=\"wp-block-heading has-text-align-left\">Personalit\u00e0 13<\/h2>\n\n\n\n<p>DESCRIZIONE<br>Questa personalit\u00e0 d\u00e0 priorit\u00e0 alle attivit\u00e0 quotidiane e ama imparare a gestire al meglio il proprio tempo, le proprie finanze e le proprie risorse. Prende molto sul serio la carriera e la famiglia e d\u00e0 il massimo in ogni progetto a cui lavora.<\/p>\n\n\n\n<p>PUNTI DI FORZA<br>Competitiva, visionaria, di successo nel proprio ambito (o nei propri ambiti), tenace, \u00e8 capace di raggiungere gli obiettivi che si pone.<\/p>\n\n\n\n<p>PUNTI DI DEBOLEZZA<br>Pu\u00f2 essere incline all&#8217;esaurimento, all&#8217;ansia da confronto ed emotivamente bloccata (spesso trascura i suoi sentimenti).<\/p>\n\n\n\n<p>UN CONSIGLIO<br>Assapora il momento, il presente \u00e8 un dono. Trova la bellezza nelle piccole cose e festeggia le piccole vittorie. La salute \u00e8 pi\u00f9 importante della ricchezza; l&#8217;equilibrio tra lavoro e vita privata \u00e8 fondamentale.<\/p>\n<\/div>\n<\/div>\n<\/div>\n<\/div>\n","protected":false},"excerpt":{"rendered":"<p>Personalit\u00e0 13 DESCRIZIONEQuesta personalit\u00e0 d\u00e0 priorit\u00e0 alle attivit\u00e0 quotidiane e ama imparare a gestire al meglio il proprio tempo, le proprie finanze e le proprie risorse. Prende molto sul serio la carriera e la famiglia e d\u00e0 il massimo in ogni progetto a cui lavora. PUNTI DI FORZACompetitiva, visionaria, di successo nel proprio ambito (o [&hellip;]<\/p>\n","protected":false},"author":1,"featured_media":0,"parent":6,"menu_order":0,"comment_status":"closed","ping_status":"closed","template":"","meta":{"footnotes":""},"class_list":["post-90","page","type-page","status-publish","hentry"],"_links":{"self":[{"href":"https:\/\/corriinviola.eleonorapanfili.it\/index.php\/wp-json\/wp\/v2\/pages\/90","targetHints":{"allow":["GET"]}}],"collection":[{"href":"https:\/\/corriinviola.eleonorapanfili.it\/index.php\/wp-json\/wp\/v2\/pages"}],"about":[{"href":"https:\/\/corriinviola.eleonorapanfili.it\/index.php\/wp-json\/wp\/v2\/types\/page"}],"author":[{"embeddable":true,"href":"https:\/\/corriinviola.eleonorapanfili.it\/index.php\/wp-json\/wp\/v2\/users\/1"}],"replies":[{"embeddable":true,"href":"https:\/\/corriinviola.eleonorapanfili.it\/index.php\/wp-json\/wp\/v2\/comments?post=90"}],"version-history":[{"count":2,"href":"https:\/\/corriinviola.eleonorapanfili.it\/index.php\/wp-json\/wp\/v2\/pages\/90\/revisions"}],"predecessor-version":[{"id":116,"href":"https:\/\/corriinviola.eleonorapanfili.it\/index.php\/wp-json\/wp\/v2\/pages\/90\/revisions\/116"}],"up":[{"embeddable":true,"href":"https:\/\/corriinviola.eleonorapanfili.it\/index.php\/wp-json\/wp\/v2\/pages\/6"}],"wp:attachment":[{"href":"https:\/\/corriinviola.eleonorapanfili.it\/index.php\/wp-json\/wp\/v2\/media?parent=90"}],"curies":[{"name":"wp","href":"https:\/\/api.w.org\/{rel}","templated":true}]}}