{"id":87,"date":"2025-04-25T16:39:21","date_gmt":"2025-04-25T14:39:21","guid":{"rendered":"https:\/\/corriinviola.eleonorapanfili.it\/?page_id=87"},"modified":"2025-04-25T16:55:34","modified_gmt":"2025-04-25T14:55:34","slug":"personalita-12","status":"publish","type":"page","link":"https:\/\/corriinviola.eleonorapanfili.it\/index.php\/il-gioco-della-personalita\/personalita-12\/","title":{"rendered":"Personalit\u00e0 12"},"content":{"rendered":"\n<div class=\"wp-block-group alignfull is-style-section-1 has-global-padding is-layout-constrained wp-container-core-group-is-layout-cdf985e3 wp-block-group-is-layout-constrained is-style-section-1--1\" style=\"min-height:100vh;margin-top:0;margin-bottom:0;padding-top:var(--wp--preset--spacing--80);padding-right:var(--wp--preset--spacing--80);padding-bottom:var(--wp--preset--spacing--80);padding-left:var(--wp--preset--spacing--80)\">\n<div class=\"wp-block-columns alignwide are-vertically-aligned-center is-layout-flex wp-container-core-columns-is-layout-643ced6b wp-block-columns-is-layout-flex\">\n<div class=\"wp-block-column is-vertically-aligned-center is-layout-flow wp-block-column-is-layout-flow\">\n<figure class=\"wp-block-image aligncenter size-full has-custom-border\"><img loading=\"lazy\" decoding=\"async\" width=\"1024\" height=\"1024\" src=\"https:\/\/corriinviola.eleonorapanfili.it\/wp-content\/uploads\/2025\/04\/prof-12-ok.png\" alt=\"\" class=\"wp-image-88\" style=\"border-top-left-radius:150px;border-bottom-right-radius:150px;object-fit:cover\" srcset=\"https:\/\/corriinviola.eleonorapanfili.it\/wp-content\/uploads\/2025\/04\/prof-12-ok.png 1024w, https:\/\/corriinviola.eleonorapanfili.it\/wp-content\/uploads\/2025\/04\/prof-12-ok-300x300.png 300w, https:\/\/corriinviola.eleonorapanfili.it\/wp-content\/uploads\/2025\/04\/prof-12-ok-150x150.png 150w, https:\/\/corriinviola.eleonorapanfili.it\/wp-content\/uploads\/2025\/04\/prof-12-ok-768x768.png 768w\" sizes=\"auto, (max-width: 1024px) 100vw, 1024px\" \/><\/figure>\n<\/div>\n\n\n\n<div class=\"wp-block-column is-vertically-aligned-center is-layout-flow wp-block-column-is-layout-flow\">\n<div class=\"wp-block-group is-vertical is-content-justification-stretch is-layout-flex wp-container-core-group-is-layout-353c4f5a wp-block-group-is-layout-flex\">\n<h2 class=\"wp-block-heading has-text-align-left\">Personalit\u00e0 12<\/h2>\n\n\n\n<p>DESCRIZIONE<br>Questa personalit\u00e0 \u00e8 l&#8217;anima della festa, la scintillante superstar. Ha sempre una serie infinita di storie da condividere con gli altri e vuole godersi ogni momento. Apprezza decisamente le cose pi\u00f9 belle della vita!<\/p>\n\n\n\n<p>PUNTI DI FORZA<br>Energica, ha un atteggiamento positivo, un talento multiforme, \u00e8 spumeggiante e popolare.<\/p>\n\n\n\n<p>PUNTI DI DEBOLEZA<br>Pu\u00f2 avere problemi di salute dovuti a troppe uscite serali o a uno stile di vita sfrenato. Mancanza di chiarezza professionale, ingenuit\u00e0.<\/p>\n\n\n\n<p>UN CONSIGLIO<br>Tieni sotto controllo le finanze e il tuo stile di vita e chiedi aiuto se necessario. Impara dagli amici e dai famigliari che ammiri. Diffondi la tua positivit\u00e0, il mondo ne ha assolutamente bisogno.<\/p>\n<\/div>\n<\/div>\n<\/div>\n<\/div>\n","protected":false},"excerpt":{"rendered":"<p>Personalit\u00e0 12 DESCRIZIONEQuesta personalit\u00e0 \u00e8 l&#8217;anima della festa, la scintillante superstar. Ha sempre una serie infinita di storie da condividere con gli altri e vuole godersi ogni momento. Apprezza decisamente le cose pi\u00f9 belle della vita! PUNTI DI FORZAEnergica, ha un atteggiamento positivo, un talento multiforme, \u00e8 spumeggiante e popolare. PUNTI DI DEBOLEZAPu\u00f2 avere problemi [&hellip;]<\/p>\n","protected":false},"author":1,"featured_media":0,"parent":6,"menu_order":0,"comment_status":"closed","ping_status":"closed","template":"","meta":{"footnotes":""},"class_list":["post-87","page","type-page","status-publish","hentry"],"_links":{"self":[{"href":"https:\/\/corriinviola.eleonorapanfili.it\/index.php\/wp-json\/wp\/v2\/pages\/87","targetHints":{"allow":["GET"]}}],"collection":[{"href":"https:\/\/corriinviola.eleonorapanfili.it\/index.php\/wp-json\/wp\/v2\/pages"}],"about":[{"href":"https:\/\/corriinviola.eleonorapanfili.it\/index.php\/wp-json\/wp\/v2\/types\/page"}],"author":[{"embeddable":true,"href":"https:\/\/corriinviola.eleonorapanfili.it\/index.php\/wp-json\/wp\/v2\/users\/1"}],"replies":[{"embeddable":true,"href":"https:\/\/corriinviola.eleonorapanfili.it\/index.php\/wp-json\/wp\/v2\/comments?post=87"}],"version-history":[{"count":2,"href":"https:\/\/corriinviola.eleonorapanfili.it\/index.php\/wp-json\/wp\/v2\/pages\/87\/revisions"}],"predecessor-version":[{"id":115,"href":"https:\/\/corriinviola.eleonorapanfili.it\/index.php\/wp-json\/wp\/v2\/pages\/87\/revisions\/115"}],"up":[{"embeddable":true,"href":"https:\/\/corriinviola.eleonorapanfili.it\/index.php\/wp-json\/wp\/v2\/pages\/6"}],"wp:attachment":[{"href":"https:\/\/corriinviola.eleonorapanfili.it\/index.php\/wp-json\/wp\/v2\/media?parent=87"}],"curies":[{"name":"wp","href":"https:\/\/api.w.org\/{rel}","templated":true}]}}