{"id":78,"date":"2025-04-25T16:35:34","date_gmt":"2025-04-25T14:35:34","guid":{"rendered":"https:\/\/corriinviola.eleonorapanfili.it\/?page_id=78"},"modified":"2025-04-25T16:53:50","modified_gmt":"2025-04-25T14:53:50","slug":"personalita-9","status":"publish","type":"page","link":"https:\/\/corriinviola.eleonorapanfili.it\/index.php\/il-gioco-della-personalita\/personalita-9\/","title":{"rendered":"Personalit\u00e0 9"},"content":{"rendered":"\n<div class=\"wp-block-group alignfull is-style-section-1 has-global-padding is-layout-constrained wp-container-core-group-is-layout-cdf985e3 wp-block-group-is-layout-constrained is-style-section-1--1\" style=\"min-height:100vh;margin-top:0;margin-bottom:0;padding-top:var(--wp--preset--spacing--80);padding-right:var(--wp--preset--spacing--80);padding-bottom:var(--wp--preset--spacing--80);padding-left:var(--wp--preset--spacing--80)\">\n<div class=\"wp-block-columns alignwide are-vertically-aligned-center is-layout-flex wp-container-core-columns-is-layout-643ced6b wp-block-columns-is-layout-flex\">\n<div class=\"wp-block-column is-vertically-aligned-center is-layout-flow wp-block-column-is-layout-flow\">\n<figure class=\"wp-block-image aligncenter size-full has-custom-border\"><img loading=\"lazy\" decoding=\"async\" width=\"1024\" height=\"1024\" src=\"https:\/\/corriinviola.eleonorapanfili.it\/wp-content\/uploads\/2025\/04\/prof-9-ok.png\" alt=\"\" class=\"wp-image-79\" style=\"border-top-left-radius:150px;border-bottom-right-radius:150px;object-fit:cover\" srcset=\"https:\/\/corriinviola.eleonorapanfili.it\/wp-content\/uploads\/2025\/04\/prof-9-ok.png 1024w, https:\/\/corriinviola.eleonorapanfili.it\/wp-content\/uploads\/2025\/04\/prof-9-ok-300x300.png 300w, https:\/\/corriinviola.eleonorapanfili.it\/wp-content\/uploads\/2025\/04\/prof-9-ok-150x150.png 150w, https:\/\/corriinviola.eleonorapanfili.it\/wp-content\/uploads\/2025\/04\/prof-9-ok-768x768.png 768w\" sizes=\"auto, (max-width: 1024px) 100vw, 1024px\" \/><\/figure>\n<\/div>\n\n\n\n<div class=\"wp-block-column is-vertically-aligned-center is-layout-flow wp-block-column-is-layout-flow\">\n<div class=\"wp-block-group is-vertical is-content-justification-stretch is-layout-flex wp-container-core-group-is-layout-353c4f5a wp-block-group-is-layout-flex\">\n<h2 class=\"wp-block-heading has-text-align-left\">Personalit\u00e0 9<\/h2>\n\n\n\n<p>DESCRIZIONE<br>Questa personalit\u00e0 impara attuando i propri piani che spesso sono ben definiti. D\u00e0 importanza alla produttivit\u00e0 e al duro lavoro e non si tira indietro se deve richiamare qualcuno al rispetto dell&#8217;etica professionale.<\/p>\n\n\n\n<p>PUNTI DI FORZA<br>Molto sicura di s\u00e9, guidata da principi, organizzata, seria, instancabilmente produttiva.<\/p>\n\n\n\n<p>PUNTI DI DEBOLEZZA<br>Pu\u00f2 risultare autoritaria, maniaca del controllo, rigida, eccessivamente tradizionalista, incline all&#8217;esaurimento da lavoro.<\/p>\n\n\n\n<p>UN CONSIGLIO<br>Non tutto o tutti devono essere una fonte di competizione. Osserva come le tue parole possono ripercuotersi sui sentimenti degli altri. Concediti del tempo per pensare e calmarti prima di iniziare una giornata frenetica.<\/p>\n<\/div>\n<\/div>\n<\/div>\n<\/div>\n","protected":false},"excerpt":{"rendered":"<p>Personalit\u00e0 9 DESCRIZIONEQuesta personalit\u00e0 impara attuando i propri piani che spesso sono ben definiti. D\u00e0 importanza alla produttivit\u00e0 e al duro lavoro e non si tira indietro se deve richiamare qualcuno al rispetto dell&#8217;etica professionale. PUNTI DI FORZAMolto sicura di s\u00e9, guidata da principi, organizzata, seria, instancabilmente produttiva. PUNTI DI DEBOLEZZAPu\u00f2 risultare autoritaria, maniaca del [&hellip;]<\/p>\n","protected":false},"author":1,"featured_media":0,"parent":6,"menu_order":0,"comment_status":"closed","ping_status":"closed","template":"","meta":{"footnotes":""},"class_list":["post-78","page","type-page","status-publish","hentry"],"_links":{"self":[{"href":"https:\/\/corriinviola.eleonorapanfili.it\/index.php\/wp-json\/wp\/v2\/pages\/78","targetHints":{"allow":["GET"]}}],"collection":[{"href":"https:\/\/corriinviola.eleonorapanfili.it\/index.php\/wp-json\/wp\/v2\/pages"}],"about":[{"href":"https:\/\/corriinviola.eleonorapanfili.it\/index.php\/wp-json\/wp\/v2\/types\/page"}],"author":[{"embeddable":true,"href":"https:\/\/corriinviola.eleonorapanfili.it\/index.php\/wp-json\/wp\/v2\/users\/1"}],"replies":[{"embeddable":true,"href":"https:\/\/corriinviola.eleonorapanfili.it\/index.php\/wp-json\/wp\/v2\/comments?post=78"}],"version-history":[{"count":2,"href":"https:\/\/corriinviola.eleonorapanfili.it\/index.php\/wp-json\/wp\/v2\/pages\/78\/revisions"}],"predecessor-version":[{"id":112,"href":"https:\/\/corriinviola.eleonorapanfili.it\/index.php\/wp-json\/wp\/v2\/pages\/78\/revisions\/112"}],"up":[{"embeddable":true,"href":"https:\/\/corriinviola.eleonorapanfili.it\/index.php\/wp-json\/wp\/v2\/pages\/6"}],"wp:attachment":[{"href":"https:\/\/corriinviola.eleonorapanfili.it\/index.php\/wp-json\/wp\/v2\/media?parent=78"}],"curies":[{"name":"wp","href":"https:\/\/api.w.org\/{rel}","templated":true}]}}