{"id":75,"date":"2025-04-25T16:34:21","date_gmt":"2025-04-25T14:34:21","guid":{"rendered":"https:\/\/corriinviola.eleonorapanfili.it\/?page_id=75"},"modified":"2025-04-25T16:53:25","modified_gmt":"2025-04-25T14:53:25","slug":"personalita-8","status":"publish","type":"page","link":"https:\/\/corriinviola.eleonorapanfili.it\/index.php\/il-gioco-della-personalita\/personalita-8\/","title":{"rendered":"Personalit\u00e0 8"},"content":{"rendered":"\n<div class=\"wp-block-group alignfull is-style-section-1 has-global-padding is-layout-constrained wp-container-core-group-is-layout-cdf985e3 wp-block-group-is-layout-constrained is-style-section-1--1\" style=\"min-height:100vh;margin-top:0;margin-bottom:0;padding-top:var(--wp--preset--spacing--80);padding-right:var(--wp--preset--spacing--80);padding-bottom:var(--wp--preset--spacing--80);padding-left:var(--wp--preset--spacing--80)\">\n<div class=\"wp-block-columns alignwide are-vertically-aligned-center is-layout-flex wp-container-core-columns-is-layout-643ced6b wp-block-columns-is-layout-flex\">\n<div class=\"wp-block-column is-vertically-aligned-center is-layout-flow wp-block-column-is-layout-flow\">\n<figure class=\"wp-block-image aligncenter size-full has-custom-border\"><img loading=\"lazy\" decoding=\"async\" width=\"1024\" height=\"1024\" src=\"https:\/\/corriinviola.eleonorapanfili.it\/wp-content\/uploads\/2025\/04\/Prof-8-a.png\" alt=\"\" class=\"wp-image-76\" style=\"border-top-left-radius:150px;border-bottom-right-radius:150px;object-fit:cover\" srcset=\"https:\/\/corriinviola.eleonorapanfili.it\/wp-content\/uploads\/2025\/04\/Prof-8-a.png 1024w, https:\/\/corriinviola.eleonorapanfili.it\/wp-content\/uploads\/2025\/04\/Prof-8-a-300x300.png 300w, https:\/\/corriinviola.eleonorapanfili.it\/wp-content\/uploads\/2025\/04\/Prof-8-a-150x150.png 150w, https:\/\/corriinviola.eleonorapanfili.it\/wp-content\/uploads\/2025\/04\/Prof-8-a-768x768.png 768w\" sizes=\"auto, (max-width: 1024px) 100vw, 1024px\" \/><\/figure>\n<\/div>\n\n\n\n<div class=\"wp-block-column is-vertically-aligned-center is-layout-flow wp-block-column-is-layout-flow\">\n<div class=\"wp-block-group is-vertical is-content-justification-stretch is-layout-flex wp-container-core-group-is-layout-353c4f5a wp-block-group-is-layout-flex\">\n<h2 class=\"wp-block-heading has-text-align-left\">Personalit\u00e0 8<\/h2>\n\n\n\n<p>DESCRIZIONE<br>Questa personalit\u00e0 \u00e8 meno appariscente all&#8217;esterno e pi\u00f9 rivolta verso l&#8217;interno. La sua mente \u00e8 costantemente attraversata da sogni a occhi aperti e visualizzazioni, anche se all&#8217;esterno appare calma.<\/p>\n\n\n\n<p>PUNTI DI FORZA<br>Creativa, artistica, altamente empatica, autentica, ha una solida moralit\u00e0 e un forte senso di s\u00e9.<\/p>\n\n\n\n<p>PUNTI DI DEBOLEZZA<br>Pu\u00f2 essere incline all&#8217;autocritica e alla procrastinazione, pu\u00f2 pensare di essere diversa dagli altri e di aver bisogno di cure particolari. A volte i sogni a occhi aperti la ostacolano.<\/p>\n\n\n\n<p>UN CONSIGLIO<br>Andr\u00e0 tutto bene, muoviti per piccoli passi. La tua tranquilla sicurezza sar\u00e0 notata dalle persone giuste. Ascolta molta musica e scegli compagnie positive per migliorare l&#8217;umore.<\/p>\n<\/div>\n<\/div>\n<\/div>\n<\/div>\n","protected":false},"excerpt":{"rendered":"<p>Personalit\u00e0 8 DESCRIZIONEQuesta personalit\u00e0 \u00e8 meno appariscente all&#8217;esterno e pi\u00f9 rivolta verso l&#8217;interno. La sua mente \u00e8 costantemente attraversata da sogni a occhi aperti e visualizzazioni, anche se all&#8217;esterno appare calma. PUNTI DI FORZACreativa, artistica, altamente empatica, autentica, ha una solida moralit\u00e0 e un forte senso di s\u00e9. PUNTI DI DEBOLEZZAPu\u00f2 essere incline all&#8217;autocritica e [&hellip;]<\/p>\n","protected":false},"author":1,"featured_media":0,"parent":6,"menu_order":0,"comment_status":"closed","ping_status":"closed","template":"","meta":{"footnotes":""},"class_list":["post-75","page","type-page","status-publish","hentry"],"_links":{"self":[{"href":"https:\/\/corriinviola.eleonorapanfili.it\/index.php\/wp-json\/wp\/v2\/pages\/75","targetHints":{"allow":["GET"]}}],"collection":[{"href":"https:\/\/corriinviola.eleonorapanfili.it\/index.php\/wp-json\/wp\/v2\/pages"}],"about":[{"href":"https:\/\/corriinviola.eleonorapanfili.it\/index.php\/wp-json\/wp\/v2\/types\/page"}],"author":[{"embeddable":true,"href":"https:\/\/corriinviola.eleonorapanfili.it\/index.php\/wp-json\/wp\/v2\/users\/1"}],"replies":[{"embeddable":true,"href":"https:\/\/corriinviola.eleonorapanfili.it\/index.php\/wp-json\/wp\/v2\/comments?post=75"}],"version-history":[{"count":2,"href":"https:\/\/corriinviola.eleonorapanfili.it\/index.php\/wp-json\/wp\/v2\/pages\/75\/revisions"}],"predecessor-version":[{"id":111,"href":"https:\/\/corriinviola.eleonorapanfili.it\/index.php\/wp-json\/wp\/v2\/pages\/75\/revisions\/111"}],"up":[{"embeddable":true,"href":"https:\/\/corriinviola.eleonorapanfili.it\/index.php\/wp-json\/wp\/v2\/pages\/6"}],"wp:attachment":[{"href":"https:\/\/corriinviola.eleonorapanfili.it\/index.php\/wp-json\/wp\/v2\/media?parent=75"}],"curies":[{"name":"wp","href":"https:\/\/api.w.org\/{rel}","templated":true}]}}