{"id":72,"date":"2025-04-25T16:33:08","date_gmt":"2025-04-25T14:33:08","guid":{"rendered":"https:\/\/corriinviola.eleonorapanfili.it\/?page_id=72"},"modified":"2025-04-25T16:52:32","modified_gmt":"2025-04-25T14:52:32","slug":"personalita-7","status":"publish","type":"page","link":"https:\/\/corriinviola.eleonorapanfili.it\/index.php\/il-gioco-della-personalita\/personalita-7\/","title":{"rendered":"Personalit\u00e0 7"},"content":{"rendered":"\n<div class=\"wp-block-group alignfull is-style-section-1 has-global-padding is-layout-constrained wp-container-core-group-is-layout-cdf985e3 wp-block-group-is-layout-constrained is-style-section-1--1\" style=\"min-height:100vh;margin-top:0;margin-bottom:0;padding-top:var(--wp--preset--spacing--80);padding-right:var(--wp--preset--spacing--80);padding-bottom:var(--wp--preset--spacing--80);padding-left:var(--wp--preset--spacing--80)\">\n<div class=\"wp-block-columns alignwide are-vertically-aligned-center is-layout-flex wp-container-core-columns-is-layout-643ced6b wp-block-columns-is-layout-flex\">\n<div class=\"wp-block-column is-vertically-aligned-center is-layout-flow wp-block-column-is-layout-flow\">\n<figure class=\"wp-block-image aligncenter size-full has-custom-border\"><img loading=\"lazy\" decoding=\"async\" width=\"1024\" height=\"1024\" src=\"https:\/\/corriinviola.eleonorapanfili.it\/wp-content\/uploads\/2025\/04\/prof-7-ok.png\" alt=\"\" class=\"wp-image-73\" style=\"border-top-left-radius:150px;border-bottom-right-radius:150px;object-fit:cover\" srcset=\"https:\/\/corriinviola.eleonorapanfili.it\/wp-content\/uploads\/2025\/04\/prof-7-ok.png 1024w, https:\/\/corriinviola.eleonorapanfili.it\/wp-content\/uploads\/2025\/04\/prof-7-ok-300x300.png 300w, https:\/\/corriinviola.eleonorapanfili.it\/wp-content\/uploads\/2025\/04\/prof-7-ok-150x150.png 150w, https:\/\/corriinviola.eleonorapanfili.it\/wp-content\/uploads\/2025\/04\/prof-7-ok-768x768.png 768w\" sizes=\"auto, (max-width: 1024px) 100vw, 1024px\" \/><\/figure>\n<\/div>\n\n\n\n<div class=\"wp-block-column is-vertically-aligned-center is-layout-flow wp-block-column-is-layout-flow\">\n<div class=\"wp-block-group is-vertical is-content-justification-stretch is-layout-flex wp-container-core-group-is-layout-353c4f5a wp-block-group-is-layout-flex\">\n<h2 class=\"wp-block-heading has-text-align-left\">Personalit\u00e0 7<\/h2>\n\n\n\n<p>DESCRIZIONE<br>Questa \u00e8 una persona di scienza, rigorosa ma anche sbadata, con un cuore giocoso: l&#8217;esempio pi\u00f9 famoso \u00e8 l&#8217;immagine di Albert Einstein che fa la linguaccia. Cerca la verit\u00e0 e vuole capire il mondo intorno a s\u00e9.<\/p>\n\n\n\n<p>PUNTI DI FORZA<br>Esperta in uno o pi\u00f9 ambiti di ricerca, artistici e scientifici, osserva il mondo con un senso di meraviglia infantile.<\/p>\n\n\n\n<p>PUNTI DI DEBOLEZZA<br>Pu\u00f2 essere eccessivamente critica, poco in contatto con i propri sentimenti. Non ama le convinzioni religiose e trova estremamente difficile aprirsi.<\/p>\n\n\n\n<p>UN CONSIGLIO<br>Anche la quotidianit\u00e0 ha la sua bellezza. Trova un&#8217;attivit\u00e0 che ti piaccia per migliorare la tua forma fisica. Ricorda di tenere sotto controllo l&#8217;alimentazione e la salute. Bevi molta acqua, l&#8217;idratazione \u00e8 fondamentale.<\/p>\n<\/div>\n<\/div>\n<\/div>\n<\/div>\n","protected":false},"excerpt":{"rendered":"<p>Personalit\u00e0 7 DESCRIZIONEQuesta \u00e8 una persona di scienza, rigorosa ma anche sbadata, con un cuore giocoso: l&#8217;esempio pi\u00f9 famoso \u00e8 l&#8217;immagine di Albert Einstein che fa la linguaccia. Cerca la verit\u00e0 e vuole capire il mondo intorno a s\u00e9. PUNTI DI FORZAEsperta in uno o pi\u00f9 ambiti di ricerca, artistici e scientifici, osserva il mondo [&hellip;]<\/p>\n","protected":false},"author":1,"featured_media":0,"parent":6,"menu_order":0,"comment_status":"closed","ping_status":"closed","template":"","meta":{"footnotes":""},"class_list":["post-72","page","type-page","status-publish","hentry"],"_links":{"self":[{"href":"https:\/\/corriinviola.eleonorapanfili.it\/index.php\/wp-json\/wp\/v2\/pages\/72","targetHints":{"allow":["GET"]}}],"collection":[{"href":"https:\/\/corriinviola.eleonorapanfili.it\/index.php\/wp-json\/wp\/v2\/pages"}],"about":[{"href":"https:\/\/corriinviola.eleonorapanfili.it\/index.php\/wp-json\/wp\/v2\/types\/page"}],"author":[{"embeddable":true,"href":"https:\/\/corriinviola.eleonorapanfili.it\/index.php\/wp-json\/wp\/v2\/users\/1"}],"replies":[{"embeddable":true,"href":"https:\/\/corriinviola.eleonorapanfili.it\/index.php\/wp-json\/wp\/v2\/comments?post=72"}],"version-history":[{"count":2,"href":"https:\/\/corriinviola.eleonorapanfili.it\/index.php\/wp-json\/wp\/v2\/pages\/72\/revisions"}],"predecessor-version":[{"id":110,"href":"https:\/\/corriinviola.eleonorapanfili.it\/index.php\/wp-json\/wp\/v2\/pages\/72\/revisions\/110"}],"up":[{"embeddable":true,"href":"https:\/\/corriinviola.eleonorapanfili.it\/index.php\/wp-json\/wp\/v2\/pages\/6"}],"wp:attachment":[{"href":"https:\/\/corriinviola.eleonorapanfili.it\/index.php\/wp-json\/wp\/v2\/media?parent=72"}],"curies":[{"name":"wp","href":"https:\/\/api.w.org\/{rel}","templated":true}]}}