{"id":69,"date":"2025-04-25T16:31:34","date_gmt":"2025-04-25T14:31:34","guid":{"rendered":"https:\/\/corriinviola.eleonorapanfili.it\/?page_id=69"},"modified":"2025-04-25T16:52:06","modified_gmt":"2025-04-25T14:52:06","slug":"personalita-6","status":"publish","type":"page","link":"https:\/\/corriinviola.eleonorapanfili.it\/index.php\/il-gioco-della-personalita\/personalita-6\/","title":{"rendered":"Personalit\u00e0 6"},"content":{"rendered":"\n<div class=\"wp-block-group alignfull is-style-section-1 has-global-padding is-layout-constrained wp-container-core-group-is-layout-cdf985e3 wp-block-group-is-layout-constrained is-style-section-1--1\" style=\"min-height:100vh;margin-top:0;margin-bottom:0;padding-top:var(--wp--preset--spacing--80);padding-right:var(--wp--preset--spacing--80);padding-bottom:var(--wp--preset--spacing--80);padding-left:var(--wp--preset--spacing--80)\">\n<div class=\"wp-block-columns alignwide are-vertically-aligned-center is-layout-flex wp-container-core-columns-is-layout-643ced6b wp-block-columns-is-layout-flex\">\n<div class=\"wp-block-column is-vertically-aligned-center is-layout-flow wp-block-column-is-layout-flow\">\n<figure class=\"wp-block-image aligncenter size-full has-custom-border\"><img loading=\"lazy\" decoding=\"async\" width=\"1024\" height=\"1024\" src=\"https:\/\/corriinviola.eleonorapanfili.it\/wp-content\/uploads\/2025\/04\/prof-6-ok.png\" alt=\"\" class=\"wp-image-70\" style=\"border-top-left-radius:150px;border-bottom-right-radius:150px;object-fit:cover\" srcset=\"https:\/\/corriinviola.eleonorapanfili.it\/wp-content\/uploads\/2025\/04\/prof-6-ok.png 1024w, https:\/\/corriinviola.eleonorapanfili.it\/wp-content\/uploads\/2025\/04\/prof-6-ok-300x300.png 300w, https:\/\/corriinviola.eleonorapanfili.it\/wp-content\/uploads\/2025\/04\/prof-6-ok-150x150.png 150w, https:\/\/corriinviola.eleonorapanfili.it\/wp-content\/uploads\/2025\/04\/prof-6-ok-768x768.png 768w\" sizes=\"auto, (max-width: 1024px) 100vw, 1024px\" \/><\/figure>\n<\/div>\n\n\n\n<div class=\"wp-block-column is-vertically-aligned-center is-layout-flow wp-block-column-is-layout-flow\">\n<div class=\"wp-block-group is-vertical is-content-justification-stretch is-layout-flex wp-container-core-group-is-layout-353c4f5a wp-block-group-is-layout-flex\">\n<h2 class=\"wp-block-heading has-text-align-left\">Personalit\u00e0 6<\/h2>\n\n\n\n<p>DESCRIZIONE<br>Questa personalit\u00e0 \u00e8 fortemente empatica e naturalmente interessata alla psicologia umana: non sempre \u00e8 in sintonia con le proprie emozioni, perch\u00e9 pu\u00f2 assorbire l&#8217;atmosfera o le &#8220;vibrazioni&#8221; dell&#8217;ambiente che la circonda. Spesso eccelle sia nelle arti sia nelle scienze.<\/p>\n\n\n\n<p>PUNTI DI FORZA<br>Altamente empatica, calma, ha pensieri e sentimenti profondi, con un lato logico nascosto.<\/p>\n\n\n\n<p>PUNTI DI DEBOLEZZA<br>Pu\u00f2 avere la tendenza a &#8220;chiudere la porta&#8221;&#8221; in faccia alle persone da cui si sente tradita. E\u2019 perfezionista e spesso innalza muri per proteggersi.<\/p>\n\n\n\n<p>UN CONSIGLIO<br>Invece di pensare troppo, chiedi a una persona amica e scrivi un diario per riflettere. Sii gentile con te. Stabilisci confini per proteggere la tua salute fisica e mentale.<\/p>\n<\/div>\n<\/div>\n<\/div>\n<\/div>\n","protected":false},"excerpt":{"rendered":"<p>Personalit\u00e0 6 DESCRIZIONEQuesta personalit\u00e0 \u00e8 fortemente empatica e naturalmente interessata alla psicologia umana: non sempre \u00e8 in sintonia con le proprie emozioni, perch\u00e9 pu\u00f2 assorbire l&#8217;atmosfera o le &#8220;vibrazioni&#8221; dell&#8217;ambiente che la circonda. Spesso eccelle sia nelle arti sia nelle scienze. PUNTI DI FORZAAltamente empatica, calma, ha pensieri e sentimenti profondi, con un lato logico [&hellip;]<\/p>\n","protected":false},"author":1,"featured_media":0,"parent":6,"menu_order":0,"comment_status":"closed","ping_status":"closed","template":"","meta":{"footnotes":""},"class_list":["post-69","page","type-page","status-publish","hentry"],"_links":{"self":[{"href":"https:\/\/corriinviola.eleonorapanfili.it\/index.php\/wp-json\/wp\/v2\/pages\/69","targetHints":{"allow":["GET"]}}],"collection":[{"href":"https:\/\/corriinviola.eleonorapanfili.it\/index.php\/wp-json\/wp\/v2\/pages"}],"about":[{"href":"https:\/\/corriinviola.eleonorapanfili.it\/index.php\/wp-json\/wp\/v2\/types\/page"}],"author":[{"embeddable":true,"href":"https:\/\/corriinviola.eleonorapanfili.it\/index.php\/wp-json\/wp\/v2\/users\/1"}],"replies":[{"embeddable":true,"href":"https:\/\/corriinviola.eleonorapanfili.it\/index.php\/wp-json\/wp\/v2\/comments?post=69"}],"version-history":[{"count":2,"href":"https:\/\/corriinviola.eleonorapanfili.it\/index.php\/wp-json\/wp\/v2\/pages\/69\/revisions"}],"predecessor-version":[{"id":109,"href":"https:\/\/corriinviola.eleonorapanfili.it\/index.php\/wp-json\/wp\/v2\/pages\/69\/revisions\/109"}],"up":[{"embeddable":true,"href":"https:\/\/corriinviola.eleonorapanfili.it\/index.php\/wp-json\/wp\/v2\/pages\/6"}],"wp:attachment":[{"href":"https:\/\/corriinviola.eleonorapanfili.it\/index.php\/wp-json\/wp\/v2\/media?parent=69"}],"curies":[{"name":"wp","href":"https:\/\/api.w.org\/{rel}","templated":true}]}}