{"id":61,"date":"2025-04-25T16:19:55","date_gmt":"2025-04-25T14:19:55","guid":{"rendered":"https:\/\/corriinviola.eleonorapanfili.it\/?page_id=61"},"modified":"2025-04-25T16:51:18","modified_gmt":"2025-04-25T14:51:18","slug":"61-2","status":"publish","type":"page","link":"https:\/\/corriinviola.eleonorapanfili.it\/index.php\/il-gioco-della-personalita\/61-2\/","title":{"rendered":"Personalit\u00e0 4"},"content":{"rendered":"\n<div class=\"wp-block-group alignfull is-style-section-1 has-global-padding is-layout-constrained wp-container-core-group-is-layout-cdf985e3 wp-block-group-is-layout-constrained is-style-section-1--1\" style=\"min-height:100vh;margin-top:0;margin-bottom:0;padding-top:var(--wp--preset--spacing--80);padding-right:var(--wp--preset--spacing--80);padding-bottom:var(--wp--preset--spacing--80);padding-left:var(--wp--preset--spacing--80)\">\n<div class=\"wp-block-columns alignwide are-vertically-aligned-center is-layout-flex wp-container-core-columns-is-layout-643ced6b wp-block-columns-is-layout-flex\">\n<div class=\"wp-block-column is-vertically-aligned-center is-layout-flow wp-block-column-is-layout-flow\">\n<figure class=\"wp-block-image aligncenter size-full has-custom-border\"><img loading=\"lazy\" decoding=\"async\" width=\"1024\" height=\"1024\" src=\"https:\/\/corriinviola.eleonorapanfili.it\/wp-content\/uploads\/2025\/04\/ekleptical_a_colour_drawing_of_a_person_full_of_life_creatuve_h_ecb4cc2d-7158-439b-af1d-1cc85627a017.png\" alt=\"\" class=\"wp-image-62\" style=\"border-top-left-radius:150px;border-bottom-right-radius:150px;object-fit:cover\" srcset=\"https:\/\/corriinviola.eleonorapanfili.it\/wp-content\/uploads\/2025\/04\/ekleptical_a_colour_drawing_of_a_person_full_of_life_creatuve_h_ecb4cc2d-7158-439b-af1d-1cc85627a017.png 1024w, https:\/\/corriinviola.eleonorapanfili.it\/wp-content\/uploads\/2025\/04\/ekleptical_a_colour_drawing_of_a_person_full_of_life_creatuve_h_ecb4cc2d-7158-439b-af1d-1cc85627a017-300x300.png 300w, https:\/\/corriinviola.eleonorapanfili.it\/wp-content\/uploads\/2025\/04\/ekleptical_a_colour_drawing_of_a_person_full_of_life_creatuve_h_ecb4cc2d-7158-439b-af1d-1cc85627a017-150x150.png 150w, https:\/\/corriinviola.eleonorapanfili.it\/wp-content\/uploads\/2025\/04\/ekleptical_a_colour_drawing_of_a_person_full_of_life_creatuve_h_ecb4cc2d-7158-439b-af1d-1cc85627a017-768x768.png 768w\" sizes=\"auto, (max-width: 1024px) 100vw, 1024px\" \/><\/figure>\n<\/div>\n\n\n\n<div class=\"wp-block-column is-vertically-aligned-center is-layout-flow wp-block-column-is-layout-flow\">\n<div class=\"wp-block-group is-vertical is-content-justification-stretch is-layout-flex wp-container-core-group-is-layout-353c4f5a wp-block-group-is-layout-flex\">\n<h2 class=\"wp-block-heading has-text-align-left\">Personalit\u00e0 4<\/h2>\n\n\n\n<p>DESCRIZIONE<br>Questa personalit\u00e0 mostra con orgoglio la propria individualit\u00e0 nelle sue eccentriche scelte di moda e di vita. \u00c8 profondamente in sintonia con i propri sentimenti e riesce a relazionarsi facilmente con le storie personali degli altri. Spesso lavora in ambito artigianale e artistico.<\/p>\n\n\n\n<p>PUNTI DI FORZA<br>Creativa, abile nei lavori manuali, dal temperamento artistico, amante dell&#8217;avventura, allegra e spensierata.<\/p>\n\n\n\n<p>PUNTI DI DEBOLEZZA<br>Pu\u00f2 smettere di &#8220;ascoltarsi&#8221; quando si concentra su un progetto, pu\u00f2 avere un umore altalenante, \u00e8 incline a spendere.<\/p>\n\n\n\n<p>UN CONSIGLIO<br>Hai tanto da raccontare; condividi qualcosa, quando senti che \u00e8 il momento. Concediti il tempo che ti occorre per superare un lutto e anche per festeggiare. Agisci con coraggio e mettiti in gioco, il mondo ha bisogno della tua voce.<\/p>\n<\/div>\n<\/div>\n<\/div>\n<\/div>\n","protected":false},"excerpt":{"rendered":"<p>Personalit\u00e0 4 DESCRIZIONEQuesta personalit\u00e0 mostra con orgoglio la propria individualit\u00e0 nelle sue eccentriche scelte di moda e di vita. \u00c8 profondamente in sintonia con i propri sentimenti e riesce a relazionarsi facilmente con le storie personali degli altri. Spesso lavora in ambito artigianale e artistico. PUNTI DI FORZACreativa, abile nei lavori manuali, dal temperamento artistico, [&hellip;]<\/p>\n","protected":false},"author":1,"featured_media":0,"parent":6,"menu_order":0,"comment_status":"closed","ping_status":"closed","template":"","meta":{"footnotes":""},"class_list":["post-61","page","type-page","status-publish","hentry"],"_links":{"self":[{"href":"https:\/\/corriinviola.eleonorapanfili.it\/index.php\/wp-json\/wp\/v2\/pages\/61","targetHints":{"allow":["GET"]}}],"collection":[{"href":"https:\/\/corriinviola.eleonorapanfili.it\/index.php\/wp-json\/wp\/v2\/pages"}],"about":[{"href":"https:\/\/corriinviola.eleonorapanfili.it\/index.php\/wp-json\/wp\/v2\/types\/page"}],"author":[{"embeddable":true,"href":"https:\/\/corriinviola.eleonorapanfili.it\/index.php\/wp-json\/wp\/v2\/users\/1"}],"replies":[{"embeddable":true,"href":"https:\/\/corriinviola.eleonorapanfili.it\/index.php\/wp-json\/wp\/v2\/comments?post=61"}],"version-history":[{"count":3,"href":"https:\/\/corriinviola.eleonorapanfili.it\/index.php\/wp-json\/wp\/v2\/pages\/61\/revisions"}],"predecessor-version":[{"id":107,"href":"https:\/\/corriinviola.eleonorapanfili.it\/index.php\/wp-json\/wp\/v2\/pages\/61\/revisions\/107"}],"up":[{"embeddable":true,"href":"https:\/\/corriinviola.eleonorapanfili.it\/index.php\/wp-json\/wp\/v2\/pages\/6"}],"wp:attachment":[{"href":"https:\/\/corriinviola.eleonorapanfili.it\/index.php\/wp-json\/wp\/v2\/media?parent=61"}],"curies":[{"name":"wp","href":"https:\/\/api.w.org\/{rel}","templated":true}]}}