{"id":24,"date":"2025-04-23T02:05:16","date_gmt":"2025-04-23T00:05:16","guid":{"rendered":"https:\/\/corriinviola.eleonorapanfili.it\/?page_id=24"},"modified":"2025-04-25T16:49:50","modified_gmt":"2025-04-25T14:49:50","slug":"personalita-isfj","status":"publish","type":"page","link":"https:\/\/corriinviola.eleonorapanfili.it\/index.php\/il-gioco-della-personalita\/personalita-isfj\/","title":{"rendered":"Personalit\u00e0 2"},"content":{"rendered":"\n<div class=\"wp-block-group alignfull is-style-section-1 has-global-padding is-layout-constrained wp-container-core-group-is-layout-cdf985e3 wp-block-group-is-layout-constrained is-style-section-1--1\" style=\"min-height:100vh;margin-top:0;margin-bottom:0;padding-top:var(--wp--preset--spacing--80);padding-right:var(--wp--preset--spacing--80);padding-bottom:var(--wp--preset--spacing--80);padding-left:var(--wp--preset--spacing--80)\">\n<div class=\"wp-block-columns alignwide are-vertically-aligned-center is-layout-flex wp-container-core-columns-is-layout-643ced6b wp-block-columns-is-layout-flex\">\n<div class=\"wp-block-column is-vertically-aligned-center is-layout-flow wp-block-column-is-layout-flow\">\n<figure class=\"wp-block-image aligncenter size-full has-custom-border\"><img loading=\"lazy\" decoding=\"async\" width=\"1024\" height=\"1024\" src=\"https:\/\/corriinviola.eleonorapanfili.it\/wp-content\/uploads\/2025\/04\/immagine_2025-04-23_021801074.png\" alt=\"\" class=\"wp-image-35\" style=\"border-top-left-radius:150px;border-bottom-right-radius:150px;object-fit:cover\" srcset=\"https:\/\/corriinviola.eleonorapanfili.it\/wp-content\/uploads\/2025\/04\/immagine_2025-04-23_021801074.png 1024w, https:\/\/corriinviola.eleonorapanfili.it\/wp-content\/uploads\/2025\/04\/immagine_2025-04-23_021801074-300x300.png 300w, https:\/\/corriinviola.eleonorapanfili.it\/wp-content\/uploads\/2025\/04\/immagine_2025-04-23_021801074-150x150.png 150w, https:\/\/corriinviola.eleonorapanfili.it\/wp-content\/uploads\/2025\/04\/immagine_2025-04-23_021801074-768x768.png 768w\" sizes=\"auto, (max-width: 1024px) 100vw, 1024px\" \/><\/figure>\n<\/div>\n\n\n\n<div class=\"wp-block-column is-vertically-aligned-center is-layout-flow wp-block-column-is-layout-flow\">\n<p><strong>PERSONALITA\u2019 2<\/strong><\/p>\n\n\n\n<p>DESCRIZIONE<br>Questa personalit\u00e0\u00a0 rispetta le tradizioni e vive per aiutare gli altri, dimensione in cui la sua vita trova un senso. Porta sempre nel proprio cuore le persone che ama. D\u00e0 valore alla famiglia e alla lealt\u00e0 pi\u00f9 che ad ogni altra cosa.<\/p>\n\n\n\n<p>PUNTI DI FORZA<br>Premurosa, altruista, generosa, di sostegno.<\/p>\n\n\n\n<p>PUNTI DI DEBOLEZZA<br>Pu\u00f2 rischiare di essere co-dipendente. Tende a ritenersi poco attraente e desiderabile, rimane facilmente ferita e pu\u00f2 mancare di autostima.<\/p>\n\n\n\n<p>UN CONSIGLIO<br>Impara ad accettarti radicalmente in tutto ci\u00f2 che fai. Cerca di renderti felice prima di provare ad aiutare gli altri. Accogli le critiche costruttive.<\/p>\n<\/div>\n<\/div>\n<\/div>\n","protected":false},"excerpt":{"rendered":"<p>PERSONALITA\u2019 2 DESCRIZIONEQuesta personalit\u00e0\u00a0 rispetta le tradizioni e vive per aiutare gli altri, dimensione in cui la sua vita trova un senso. Porta sempre nel proprio cuore le persone che ama. D\u00e0 valore alla famiglia e alla lealt\u00e0 pi\u00f9 che ad ogni altra cosa. PUNTI DI FORZAPremurosa, altruista, generosa, di sostegno. PUNTI DI DEBOLEZZAPu\u00f2 rischiare [&hellip;]<\/p>\n","protected":false},"author":1,"featured_media":0,"parent":6,"menu_order":0,"comment_status":"closed","ping_status":"closed","template":"","meta":{"footnotes":""},"class_list":["post-24","page","type-page","status-publish","hentry"],"_links":{"self":[{"href":"https:\/\/corriinviola.eleonorapanfili.it\/index.php\/wp-json\/wp\/v2\/pages\/24","targetHints":{"allow":["GET"]}}],"collection":[{"href":"https:\/\/corriinviola.eleonorapanfili.it\/index.php\/wp-json\/wp\/v2\/pages"}],"about":[{"href":"https:\/\/corriinviola.eleonorapanfili.it\/index.php\/wp-json\/wp\/v2\/types\/page"}],"author":[{"embeddable":true,"href":"https:\/\/corriinviola.eleonorapanfili.it\/index.php\/wp-json\/wp\/v2\/users\/1"}],"replies":[{"embeddable":true,"href":"https:\/\/corriinviola.eleonorapanfili.it\/index.php\/wp-json\/wp\/v2\/comments?post=24"}],"version-history":[{"count":5,"href":"https:\/\/corriinviola.eleonorapanfili.it\/index.php\/wp-json\/wp\/v2\/pages\/24\/revisions"}],"predecessor-version":[{"id":105,"href":"https:\/\/corriinviola.eleonorapanfili.it\/index.php\/wp-json\/wp\/v2\/pages\/24\/revisions\/105"}],"up":[{"embeddable":true,"href":"https:\/\/corriinviola.eleonorapanfili.it\/index.php\/wp-json\/wp\/v2\/pages\/6"}],"wp:attachment":[{"href":"https:\/\/corriinviola.eleonorapanfili.it\/index.php\/wp-json\/wp\/v2\/media?parent=24"}],"curies":[{"name":"wp","href":"https:\/\/api.w.org\/{rel}","templated":true}]}}